{"id":448,"date":"2023-01-04T12:47:53","date_gmt":"2023-01-04T12:47:53","guid":{"rendered":"https:\/\/hanneshoffmann.com\/?page_id=448"},"modified":"2024-09-08T17:06:07","modified_gmt":"2024-09-08T17:06:07","slug":"seminare","status":"publish","type":"page","link":"https:\/\/hanneshoffmann.com\/?page_id=448","title":{"rendered":"Seminare"},"content":{"rendered":"\t\t<div data-elementor-type=\"wp-page\" data-elementor-id=\"448\" class=\"elementor elementor-448\">\n\t\t\t\t\t\t<section class=\"elementor-section elementor-top-section elementor-element elementor-element-720ecc7 elementor-section-boxed elementor-section-height-default elementor-section-height-default\" data-id=\"720ecc7\" data-element_type=\"section\">\n\t\t\t\t\t\t<div class=\"elementor-container elementor-column-gap-default\">\n\t\t\t\t\t<div class=\"elementor-column elementor-col-100 elementor-top-column elementor-element elementor-element-33eda7d3\" data-id=\"33eda7d3\" data-element_type=\"column\">\n\t\t\t<div class=\"elementor-widget-wrap elementor-element-populated\">\n\t\t\t\t\t\t<div class=\"elementor-element elementor-element-4196915 elementor-widget elementor-widget-text-editor\" data-id=\"4196915\" data-element_type=\"widget\" data-widget_type=\"text-editor.default\">\n\t\t\t\t<div class=\"elementor-widget-container\">\n\t\t\t\t\t\t\t\t\t<p>Die <b>kulturp\u00e4dagogischen Seminare<\/b> geben den Teilnehmerinnen und Teilnehmern neue kreative Impulse f\u00fcr ihren p\u00e4dagogischen Arbeitsalltag. Durch die erworbenen Fertigkeiten aus unterschiedlichen k\u00fcnstlerischen Bereichen k\u00f6nnen sie in Bildungsst\u00e4tten wie KiTa, Schule, F\u00f6rderst\u00e4tten oder offenen Angeboten Bildungsinhalte anschaulich, spannend und kindgerecht vermitteln.<\/p><p>\u00a0<\/p><p><strong><em>K\u00fcnstlerische Vorkennt<\/em><\/strong><strong><em>nisse sind f\u00fcr den Besuch der Seminare nicht notwendig.<br \/><\/em><\/strong><\/p>\t\t\t\t\t\t\t\t<\/div>\n\t\t\t\t<\/div>\n\t\t\t\t\t<\/div>\n\t\t<\/div>\n\t\t\t\t\t<\/div>\n\t\t<\/section>\n\t\t\t\t<section class=\"elementor-section elementor-top-section elementor-element elementor-element-bbac9e1 elementor-section-boxed elementor-section-height-default elementor-section-height-default\" data-id=\"bbac9e1\" data-element_type=\"section\">\n\t\t\t\t\t\t<div class=\"elementor-container elementor-column-gap-default\">\n\t\t\t\t\t<div class=\"elementor-column elementor-col-100 elementor-top-column elementor-element elementor-element-525a460\" data-id=\"525a460\" data-element_type=\"column\">\n\t\t\t<div class=\"elementor-widget-wrap elementor-element-populated\">\n\t\t\t\t\t\t<div class=\"elementor-element elementor-element-5eaf26e elementor-widget elementor-widget-image\" data-id=\"5eaf26e\" data-element_type=\"widget\" data-widget_type=\"image.default\">\n\t\t\t\t<div class=\"elementor-widget-container\">\n\t\t\t\t\t\t\t\t\t\t\t\t\t\t\t<img decoding=\"async\" src=\"https:\/\/hanneshoffmann.com\/wp-content\/uploads\/2023\/01\/puppeschmal.png\" title=\"puppeschmal\" alt=\"puppeschmal\" loading=\"lazy\" \/>\t\t\t\t\t\t\t\t\t\t\t\t\t\t\t<\/div>\n\t\t\t\t<\/div>\n\t\t\t\t\t<\/div>\n\t\t<\/div>\n\t\t\t\t\t<\/div>\n\t\t<\/section>\n\t\t\t\t<section class=\"elementor-section elementor-top-section elementor-element elementor-element-5a7aa7f elementor-section-boxed elementor-section-height-default elementor-section-height-default\" data-id=\"5a7aa7f\" data-element_type=\"section\">\n\t\t\t\t\t\t<div class=\"elementor-container elementor-column-gap-default\">\n\t\t\t\t\t<div class=\"elementor-column elementor-col-100 elementor-top-column elementor-element elementor-element-cc3ad71\" data-id=\"cc3ad71\" data-element_type=\"column\">\n\t\t\t<div class=\"elementor-widget-wrap elementor-element-populated\">\n\t\t\t\t\t\t<div class=\"elementor-element elementor-element-f63aa26 elementor-widget elementor-widget-text-editor\" data-id=\"f63aa26\" data-element_type=\"widget\" data-widget_type=\"text-editor.default\">\n\t\t\t\t<div class=\"elementor-widget-container\">\n\t\t\t\t\t\t\t\t\t<h3>Inhaltliche Grundlagen<\/h3>\t\t\t\t\t\t\t\t<\/div>\n\t\t\t\t<\/div>\n\t\t\t\t\t<\/div>\n\t\t<\/div>\n\t\t\t\t\t<\/div>\n\t\t<\/section>\n\t\t\t\t<section class=\"elementor-section elementor-top-section elementor-element elementor-element-606ad4b elementor-section-boxed elementor-section-height-default elementor-section-height-default\" data-id=\"606ad4b\" data-element_type=\"section\">\n\t\t\t\t\t\t<div class=\"elementor-container elementor-column-gap-default\">\n\t\t\t\t\t<div class=\"elementor-column elementor-col-100 elementor-top-column elementor-element elementor-element-0f8edea\" data-id=\"0f8edea\" data-element_type=\"column\">\n\t\t\t<div class=\"elementor-widget-wrap elementor-element-populated\">\n\t\t\t\t\t\t<div class=\"elementor-element elementor-element-e7719f0 elementor-widget elementor-widget-text-editor\" data-id=\"e7719f0\" data-element_type=\"widget\" data-widget_type=\"text-editor.default\">\n\t\t\t\t<div class=\"elementor-widget-container\">\n\t\t\t\t\t\t\t\t\t<p>\u2666 Didaktische und Methodische Prinzipien aus dem Studium der P\u00e4dagogik, Theaterwissenschaften und Darstellendes Spiel<\/p><p>\u2666 Konzeptgestaltung nach dem bayerischen Bildungs- und Erziehungsplan\/ Lehrplan Bayern<\/p><p>\u2666 Praxiserfahrung als Theater- und Zirkusp\u00e4dagoge, p\u00e4dagogische Fachkraft im Kinderhort, Seminarleiter<\/p>\t\t\t\t\t\t\t\t<\/div>\n\t\t\t\t<\/div>\n\t\t\t\t\t<\/div>\n\t\t<\/div>\n\t\t\t\t\t<\/div>\n\t\t<\/section>\n\t\t\t\t<section class=\"elementor-section elementor-top-section elementor-element elementor-element-5128b9c elementor-section-boxed elementor-section-height-default elementor-section-height-default\" data-id=\"5128b9c\" data-element_type=\"section\">\n\t\t\t\t\t\t<div class=\"elementor-container elementor-column-gap-default\">\n\t\t\t\t\t<div class=\"elementor-column elementor-col-100 elementor-top-column elementor-element elementor-element-96877ef\" data-id=\"96877ef\" data-element_type=\"column\">\n\t\t\t<div class=\"elementor-widget-wrap elementor-element-populated\">\n\t\t\t\t\t\t<div class=\"elementor-element elementor-element-4a86874 elementor-widget elementor-widget-text-editor\" data-id=\"4a86874\" data-element_type=\"widget\" data-widget_type=\"text-editor.default\">\n\t\t\t\t<div class=\"elementor-widget-container\">\n\t\t\t\t\t\t\t\t\t<h3>Die Seminare<\/h3>\t\t\t\t\t\t\t\t<\/div>\n\t\t\t\t<\/div>\n\t\t\t\t\t<\/div>\n\t\t<\/div>\n\t\t\t\t\t<\/div>\n\t\t<\/section>\n\t\t\t\t<section class=\"elementor-section elementor-top-section elementor-element elementor-element-5b701d9 elementor-section-boxed elementor-section-height-default elementor-section-height-default\" data-id=\"5b701d9\" data-element_type=\"section\">\n\t\t\t\t\t\t<div class=\"elementor-container elementor-column-gap-default\">\n\t\t\t\t\t<div class=\"elementor-column elementor-col-33 elementor-top-column elementor-element elementor-element-0e06628\" data-id=\"0e06628\" data-element_type=\"column\">\n\t\t\t<div class=\"elementor-widget-wrap elementor-element-populated\">\n\t\t\t\t\t\t<div class=\"elementor-element elementor-element-73975c1 elementor-widget elementor-widget-image\" data-id=\"73975c1\" data-element_type=\"widget\" data-widget_type=\"image.default\">\n\t\t\t\t<div class=\"elementor-widget-container\">\n\t\t\t\t\t\t\t\t\t\t\t\t\t\t\t\t<a href=\"https:\/\/hanneshoffmann.com\/?page_id=595\">\n\t\t\t\t\t\t\t<img fetchpriority=\"high\" decoding=\"async\" width=\"1024\" height=\"683\" src=\"https:\/\/hanneshoffmann.com\/wp-content\/uploads\/2023\/01\/Zauber-1-1024x683.png\" class=\"attachment-large size-large wp-image-631\" alt=\"\" srcset=\"https:\/\/hanneshoffmann.com\/wp-content\/uploads\/2023\/01\/Zauber-1-1024x683.png 1024w, https:\/\/hanneshoffmann.com\/wp-content\/uploads\/2023\/01\/Zauber-1-300x200.png 300w, https:\/\/hanneshoffmann.com\/wp-content\/uploads\/2023\/01\/Zauber-1-768x512.png 768w, https:\/\/hanneshoffmann.com\/wp-content\/uploads\/2023\/01\/Zauber-1-1536x1024.png 1536w, https:\/\/hanneshoffmann.com\/wp-content\/uploads\/2023\/01\/Zauber-1-2048x1365.png 2048w, https:\/\/hanneshoffmann.com\/wp-content\/uploads\/2023\/01\/Zauber-1-2x1.png 2w\" sizes=\"(max-width: 1024px) 100vw, 1024px\" \/>\t\t\t\t\t\t\t\t<\/a>\n\t\t\t\t\t\t\t\t\t\t\t\t\t\t\t<\/div>\n\t\t\t\t<\/div>\n\t\t\t\t<div class=\"elementor-element elementor-element-830726c elementor-widget elementor-widget-text-editor\" data-id=\"830726c\" data-element_type=\"widget\" data-widget_type=\"text-editor.default\">\n\t\t\t\t<div class=\"elementor-widget-container\">\n\t\t\t\t\t\t\t\t\t<h3 style=\"text-align: center;\"><a href=\"https:\/\/hanneshoffmann.com\/?page_id=595\">Zaubern in der P\u00e4dagogik<\/a><\/h3><h4 style=\"text-align: center;\">Praxisnah, abwechslungsreich, zauberhaft<\/h4>\t\t\t\t\t\t\t\t<\/div>\n\t\t\t\t<\/div>\n\t\t\t\t\t<\/div>\n\t\t<\/div>\n\t\t\t\t<div class=\"elementor-column elementor-col-33 elementor-top-column elementor-element elementor-element-ea08a6c\" data-id=\"ea08a6c\" data-element_type=\"column\">\n\t\t\t<div class=\"elementor-widget-wrap elementor-element-populated\">\n\t\t\t\t\t\t<div class=\"elementor-element elementor-element-c66de30 elementor-widget elementor-widget-image\" data-id=\"c66de30\" data-element_type=\"widget\" data-widget_type=\"image.default\">\n\t\t\t\t<div class=\"elementor-widget-container\">\n\t\t\t\t\t\t\t\t\t\t\t\t\t\t\t\t<a href=\"https:\/\/hanneshoffmann.com\/?page_id=598\">\n\t\t\t\t\t\t\t<img decoding=\"async\" width=\"1024\" height=\"683\" src=\"https:\/\/hanneshoffmann.com\/wp-content\/uploads\/2023\/01\/git2-1024x683.jpg\" class=\"attachment-large size-large wp-image-455\" alt=\"\" srcset=\"https:\/\/hanneshoffmann.com\/wp-content\/uploads\/2023\/01\/git2-1024x683.jpg 1024w, https:\/\/hanneshoffmann.com\/wp-content\/uploads\/2023\/01\/git2-300x200.jpg 300w, https:\/\/hanneshoffmann.com\/wp-content\/uploads\/2023\/01\/git2-768x512.jpg 768w, https:\/\/hanneshoffmann.com\/wp-content\/uploads\/2023\/01\/git2-1536x1024.jpg 1536w, https:\/\/hanneshoffmann.com\/wp-content\/uploads\/2023\/01\/git2-2048x1365.jpg 2048w, https:\/\/hanneshoffmann.com\/wp-content\/uploads\/2023\/01\/git2-2x1.jpg 2w\" sizes=\"(max-width: 1024px) 100vw, 1024px\" \/>\t\t\t\t\t\t\t\t<\/a>\n\t\t\t\t\t\t\t\t\t\t\t\t\t\t\t<\/div>\n\t\t\t\t<\/div>\n\t\t\t\t<div class=\"elementor-element elementor-element-d4c3d27 elementor-widget elementor-widget-text-editor\" data-id=\"d4c3d27\" data-element_type=\"widget\" data-widget_type=\"text-editor.default\">\n\t\t\t\t<div class=\"elementor-widget-container\">\n\t\t\t\t\t\t\t\t\t<h3 style=\"text-align: center;\"><a href=\"https:\/\/hanneshoffmann.com\/?page_id=598\">Gitarrenspiel in der P\u00e4dagogik<\/a><\/h3><h4 style=\"text-align: center;\">Der Singkreis wird zum kleinen Konzert<\/h4><div>\u00a0<\/div>\t\t\t\t\t\t\t\t<\/div>\n\t\t\t\t<\/div>\n\t\t\t\t\t<\/div>\n\t\t<\/div>\n\t\t\t\t<div class=\"elementor-column elementor-col-33 elementor-top-column elementor-element elementor-element-0246222\" data-id=\"0246222\" data-element_type=\"column\">\n\t\t\t<div class=\"elementor-widget-wrap elementor-element-populated\">\n\t\t\t\t\t\t<div class=\"elementor-element elementor-element-0dcdb47 elementor-widget elementor-widget-image\" data-id=\"0dcdb47\" data-element_type=\"widget\" data-widget_type=\"image.default\">\n\t\t\t\t<div class=\"elementor-widget-container\">\n\t\t\t\t\t\t\t\t\t\t\t\t\t\t\t\t<a href=\"https:\/\/hanneshoffmann.com\/?page_id=694\">\n\t\t\t\t\t\t\t<img decoding=\"async\" width=\"1024\" height=\"678\" src=\"https:\/\/hanneshoffmann.com\/wp-content\/uploads\/2023\/01\/Jonglage-1024x678.jpg\" class=\"attachment-large size-large wp-image-609\" alt=\"\" srcset=\"https:\/\/hanneshoffmann.com\/wp-content\/uploads\/2023\/01\/Jonglage-1024x678.jpg 1024w, https:\/\/hanneshoffmann.com\/wp-content\/uploads\/2023\/01\/Jonglage-300x199.jpg 300w, https:\/\/hanneshoffmann.com\/wp-content\/uploads\/2023\/01\/Jonglage-768x509.jpg 768w, https:\/\/hanneshoffmann.com\/wp-content\/uploads\/2023\/01\/Jonglage-2x1.jpg 2w, https:\/\/hanneshoffmann.com\/wp-content\/uploads\/2023\/01\/Jonglage.jpg 1280w\" sizes=\"(max-width: 1024px) 100vw, 1024px\" \/>\t\t\t\t\t\t\t\t<\/a>\n\t\t\t\t\t\t\t\t\t\t\t\t\t\t\t<\/div>\n\t\t\t\t<\/div>\n\t\t\t\t<div class=\"elementor-element elementor-element-712910e elementor-widget elementor-widget-text-editor\" data-id=\"712910e\" data-element_type=\"widget\" data-widget_type=\"text-editor.default\">\n\t\t\t\t<div class=\"elementor-widget-container\">\n\t\t\t\t\t\t\t\t\t<h3 style=\"text-align: center;\"><a href=\"https:\/\/hanneshoffmann.com\/?page_id=694\">Zirkusp\u00e4dagogik<\/a><\/h3><h4 style=\"text-align: center;\">Jonglage, Diabolo, Tellerdrehen, Akrobatik, &#8230;<\/h4><div>\u00a0<\/div>\t\t\t\t\t\t\t\t<\/div>\n\t\t\t\t<\/div>\n\t\t\t\t\t<\/div>\n\t\t<\/div>\n\t\t\t\t\t<\/div>\n\t\t<\/section>\n\t\t\t\t<section class=\"elementor-section elementor-top-section elementor-element elementor-element-104e6cf elementor-section-boxed elementor-section-height-default elementor-section-height-default\" data-id=\"104e6cf\" data-element_type=\"section\">\n\t\t\t\t\t\t<div class=\"elementor-container elementor-column-gap-default\">\n\t\t\t\t\t<div class=\"elementor-column elementor-col-100 elementor-top-column elementor-element elementor-element-d1bd285\" data-id=\"d1bd285\" data-element_type=\"column\">\n\t\t\t<div class=\"elementor-widget-wrap elementor-element-populated\">\n\t\t\t\t\t\t<div class=\"elementor-element elementor-element-bd82d2c elementor-widget-divider--view-line elementor-widget elementor-widget-divider\" data-id=\"bd82d2c\" data-element_type=\"widget\" data-widget_type=\"divider.default\">\n\t\t\t\t<div class=\"elementor-widget-container\">\n\t\t\t\t\t\t\t<div class=\"elementor-divider\">\n\t\t\t<span class=\"elementor-divider-separator\">\n\t\t\t\t\t\t<\/span>\n\t\t<\/div>\n\t\t\t\t\t\t<\/div>\n\t\t\t\t<\/div>\n\t\t\t\t\t<\/div>\n\t\t<\/div>\n\t\t\t\t\t<\/div>\n\t\t<\/section>\n\t\t\t\t<section class=\"elementor-section elementor-top-section elementor-element elementor-element-6793e1b elementor-section-boxed elementor-section-height-default elementor-section-height-default\" data-id=\"6793e1b\" data-element_type=\"section\">\n\t\t\t\t\t\t<div class=\"elementor-container elementor-column-gap-default\">\n\t\t\t\t\t<div class=\"elementor-column elementor-col-33 elementor-top-column elementor-element elementor-element-2fda647\" data-id=\"2fda647\" data-element_type=\"column\">\n\t\t\t<div class=\"elementor-widget-wrap elementor-element-populated\">\n\t\t\t\t\t\t<div class=\"elementor-element elementor-element-1429d1e elementor-view-default elementor-widget elementor-widget-icon\" data-id=\"1429d1e\" data-element_type=\"widget\" data-widget_type=\"icon.default\">\n\t\t\t\t<div class=\"elementor-widget-container\">\n\t\t\t\t\t\t\t<div class=\"elementor-icon-wrapper\">\n\t\t\t<div class=\"elementor-icon\">\n\t\t\t<i aria-hidden=\"true\" class=\"fas fa-house-user\"><\/i>\t\t\t<\/div>\n\t\t<\/div>\n\t\t\t\t\t\t<\/div>\n\t\t\t\t<\/div>\n\t\t\t\t<div class=\"elementor-element elementor-element-bdd5eb5 elementor-widget elementor-widget-text-editor\" data-id=\"bdd5eb5\" data-element_type=\"widget\" data-widget_type=\"text-editor.default\">\n\t\t\t\t<div class=\"elementor-widget-container\">\n\t\t\t\t\t\t\t\t\t<h3 style=\"text-align: center;\"><em><strong>Als Inhouse-Schulung f\u00fcr Ihr Team<br \/><\/strong><\/em><\/h3>\t\t\t\t\t\t\t\t<\/div>\n\t\t\t\t<\/div>\n\t\t\t\t\t<\/div>\n\t\t<\/div>\n\t\t\t\t<div class=\"elementor-column elementor-col-33 elementor-top-column elementor-element elementor-element-76a02ed\" data-id=\"76a02ed\" data-element_type=\"column\">\n\t\t\t<div class=\"elementor-widget-wrap elementor-element-populated\">\n\t\t\t\t\t\t<div class=\"elementor-element elementor-element-0e71d9e elementor-view-default elementor-widget elementor-widget-icon\" data-id=\"0e71d9e\" data-element_type=\"widget\" data-widget_type=\"icon.default\">\n\t\t\t\t<div class=\"elementor-widget-container\">\n\t\t\t\t\t\t\t<div class=\"elementor-icon-wrapper\">\n\t\t\t<div class=\"elementor-icon\">\n\t\t\t<i aria-hidden=\"true\" class=\"fas fa-question\"><\/i>\t\t\t<\/div>\n\t\t<\/div>\n\t\t\t\t\t\t<\/div>\n\t\t\t\t<\/div>\n\t\t\t\t<div class=\"elementor-element elementor-element-b6a640f elementor-widget elementor-widget-text-editor\" data-id=\"b6a640f\" data-element_type=\"widget\" data-widget_type=\"text-editor.default\">\n\t\t\t\t<div class=\"elementor-widget-container\">\n\t\t\t\t\t\t\t\t\t<h3 style=\"text-align: center;\"><em><strong>Ohne Vorkenntnisse geeignet<\/strong><\/em><\/h3>\t\t\t\t\t\t\t\t<\/div>\n\t\t\t\t<\/div>\n\t\t\t\t\t<\/div>\n\t\t<\/div>\n\t\t\t\t<div class=\"elementor-column elementor-col-33 elementor-top-column elementor-element elementor-element-119a3b5\" data-id=\"119a3b5\" data-element_type=\"column\">\n\t\t\t<div class=\"elementor-widget-wrap elementor-element-populated\">\n\t\t\t\t\t\t<div class=\"elementor-element elementor-element-8c709f5 elementor-view-default elementor-widget elementor-widget-icon\" data-id=\"8c709f5\" data-element_type=\"widget\" data-widget_type=\"icon.default\">\n\t\t\t\t<div class=\"elementor-widget-container\">\n\t\t\t\t\t\t\t<div class=\"elementor-icon-wrapper\">\n\t\t\t<div class=\"elementor-icon\">\n\t\t\t<i aria-hidden=\"true\" class=\"fas fa-people-arrows\"><\/i>\t\t\t<\/div>\n\t\t<\/div>\n\t\t\t\t\t\t<\/div>\n\t\t\t\t<\/div>\n\t\t\t\t<div class=\"elementor-element elementor-element-2e32434 elementor-widget elementor-widget-text-editor\" data-id=\"2e32434\" data-element_type=\"widget\" data-widget_type=\"text-editor.default\">\n\t\t\t\t<div class=\"elementor-widget-container\">\n\t\t\t\t\t\t\t\t\t<h3 style=\"text-align: center;\"><em><strong>Ab 4 Teilnehmern m\u00f6glich<br \/><\/strong><\/em><\/h3>\t\t\t\t\t\t\t\t<\/div>\n\t\t\t\t<\/div>\n\t\t\t\t\t<\/div>\n\t\t<\/div>\n\t\t\t\t\t<\/div>\n\t\t<\/section>\n\t\t\t\t<section class=\"elementor-section elementor-top-section elementor-element elementor-element-5b429bb elementor-section-boxed elementor-section-height-default elementor-section-height-default\" data-id=\"5b429bb\" data-element_type=\"section\">\n\t\t\t\t\t\t<div class=\"elementor-container elementor-column-gap-default\">\n\t\t\t\t\t<div class=\"elementor-column elementor-col-100 elementor-top-column elementor-element elementor-element-9c9dc1b\" data-id=\"9c9dc1b\" data-element_type=\"column\">\n\t\t\t<div class=\"elementor-widget-wrap elementor-element-populated\">\n\t\t\t\t\t\t<div class=\"elementor-element elementor-element-5104597 elementor-widget-divider--view-line elementor-widget elementor-widget-divider\" data-id=\"5104597\" data-element_type=\"widget\" data-widget_type=\"divider.default\">\n\t\t\t\t<div class=\"elementor-widget-container\">\n\t\t\t\t\t\t\t<div class=\"elementor-divider\">\n\t\t\t<span class=\"elementor-divider-separator\">\n\t\t\t\t\t\t<\/span>\n\t\t<\/div>\n\t\t\t\t\t\t<\/div>\n\t\t\t\t<\/div>\n\t\t\t\t\t<\/div>\n\t\t<\/div>\n\t\t\t\t\t<\/div>\n\t\t<\/section>\n\t\t\t\t<\/div>\n\t\t","protected":false},"excerpt":{"rendered":"<p>Die kulturp\u00e4dagogischen Seminare geben den Teilnehmerinnen und Teilnehmern neue kreative Impulse f\u00fcr ihren p\u00e4dagogischen Arbeitsalltag. Durch die erworbenen Fertigkeiten aus unterschiedlichen k\u00fcnstlerischen Bereichen k\u00f6nnen sie in Bildungsst\u00e4tten wie KiTa, Schule, F\u00f6rderst\u00e4tten oder offenen Angeboten Bildungsinhalte&hellip;<\/p>\n","protected":false},"author":1,"featured_media":639,"parent":0,"menu_order":0,"comment_status":"closed","ping_status":"closed","template":"","meta":{"ngg_post_thumbnail":0,"footnotes":""},"class_list":["post-448","page","type-page","status-publish","has-post-thumbnail","hentry"],"_links":{"self":[{"href":"https:\/\/hanneshoffmann.com\/index.php?rest_route=\/wp\/v2\/pages\/448","targetHints":{"allow":["GET"]}}],"collection":[{"href":"https:\/\/hanneshoffmann.com\/index.php?rest_route=\/wp\/v2\/pages"}],"about":[{"href":"https:\/\/hanneshoffmann.com\/index.php?rest_route=\/wp\/v2\/types\/page"}],"author":[{"embeddable":true,"href":"https:\/\/hanneshoffmann.com\/index.php?rest_route=\/wp\/v2\/users\/1"}],"replies":[{"embeddable":true,"href":"https:\/\/hanneshoffmann.com\/index.php?rest_route=%2Fwp%2Fv2%2Fcomments&post=448"}],"version-history":[{"count":53,"href":"https:\/\/hanneshoffmann.com\/index.php?rest_route=\/wp\/v2\/pages\/448\/revisions"}],"predecessor-version":[{"id":1202,"href":"https:\/\/hanneshoffmann.com\/index.php?rest_route=\/wp\/v2\/pages\/448\/revisions\/1202"}],"wp:featuredmedia":[{"embeddable":true,"href":"https:\/\/hanneshoffmann.com\/index.php?rest_route=\/wp\/v2\/media\/639"}],"wp:attachment":[{"href":"https:\/\/hanneshoffmann.com\/index.php?rest_route=%2Fwp%2Fv2%2Fmedia&parent=448"}],"curies":[{"name":"wp","href":"https:\/\/api.w.org\/{rel}","templated":true}]}}