{"id":228,"date":"2019-03-02T17:21:18","date_gmt":"2019-03-02T17:21:18","guid":{"rendered":"http:\/\/hanneshoffmann.com\/?page_id=228"},"modified":"2025-11-04T12:03:05","modified_gmt":"2025-11-04T12:03:05","slug":"referenzen","status":"publish","type":"page","link":"https:\/\/hanneshoffmann.com\/?page_id=228","title":{"rendered":"Referenzen (Auszug)"},"content":{"rendered":"\t\t<div data-elementor-type=\"wp-page\" data-elementor-id=\"228\" class=\"elementor elementor-228\">\n\t\t\t\t\t\t<section class=\"elementor-section elementor-top-section elementor-element elementor-element-d590eec elementor-section-boxed elementor-section-height-default elementor-section-height-default\" data-id=\"d590eec\" data-element_type=\"section\">\n\t\t\t\t\t\t<div class=\"elementor-container elementor-column-gap-default\">\n\t\t\t\t\t<div class=\"elementor-column elementor-col-100 elementor-top-column elementor-element elementor-element-e078f8d\" data-id=\"e078f8d\" data-element_type=\"column\">\n\t\t\t<div class=\"elementor-widget-wrap elementor-element-populated\">\n\t\t\t\t\t\t<div class=\"elementor-element elementor-element-daf7501 elementor-widget elementor-widget-text-editor\" data-id=\"daf7501\" data-element_type=\"widget\" data-widget_type=\"text-editor.default\">\n\t\t\t\t<div class=\"elementor-widget-container\">\n\t\t\t\t\t\t\t\t\t<h3>Seminare &amp; Workshops<\/h3>\t\t\t\t\t\t\t\t<\/div>\n\t\t\t\t<\/div>\n\t\t\t\t\t<\/div>\n\t\t<\/div>\n\t\t\t\t\t<\/div>\n\t\t<\/section>\n\t\t\t\t<section class=\"elementor-section elementor-top-section elementor-element elementor-element-b693f2a elementor-section-boxed elementor-section-height-default elementor-section-height-default\" data-id=\"b693f2a\" data-element_type=\"section\">\n\t\t\t\t\t\t<div class=\"elementor-container elementor-column-gap-default\">\n\t\t\t\t\t<div class=\"elementor-column elementor-col-100 elementor-top-column elementor-element elementor-element-42ce99a\" data-id=\"42ce99a\" data-element_type=\"column\">\n\t\t\t<div class=\"elementor-widget-wrap elementor-element-populated\">\n\t\t\t\t\t\t<div class=\"elementor-element elementor-element-a5e63b4 elementor-widget-divider--view-line elementor-widget elementor-widget-divider\" data-id=\"a5e63b4\" data-element_type=\"widget\" data-widget_type=\"divider.default\">\n\t\t\t\t<div class=\"elementor-widget-container\">\n\t\t\t\t\t\t\t<div class=\"elementor-divider\">\n\t\t\t<span class=\"elementor-divider-separator\">\n\t\t\t\t\t\t<\/span>\n\t\t<\/div>\n\t\t\t\t\t\t<\/div>\n\t\t\t\t<\/div>\n\t\t\t\t\t<\/div>\n\t\t<\/div>\n\t\t\t\t\t<\/div>\n\t\t<\/section>\n\t\t\t\t<section class=\"elementor-section elementor-top-section elementor-element elementor-element-8069c2d elementor-section-boxed elementor-section-height-default elementor-section-height-default\" data-id=\"8069c2d\" data-element_type=\"section\">\n\t\t\t\t\t\t<div class=\"elementor-container elementor-column-gap-default\">\n\t\t\t\t\t<div class=\"elementor-column elementor-col-50 elementor-top-column elementor-element elementor-element-6afd12a1\" data-id=\"6afd12a1\" data-element_type=\"column\">\n\t\t\t<div class=\"elementor-widget-wrap elementor-element-populated\">\n\t\t\t\t\t\t<div class=\"elementor-element elementor-element-38a8df23 elementor-widget elementor-widget-text-editor\" data-id=\"38a8df23\" data-element_type=\"widget\" data-widget_type=\"text-editor.default\">\n\t\t\t\t<div class=\"elementor-widget-container\">\n\t\t\t\t\t\t\t\t\t<ul><li><h4>Hans-Weinberger-Akademie der AWO e.V.<\/h4><\/li><li><h4>Fachakademie f\u00fcr Sozialp\u00e4dagogik Rummelsberg<\/h4><\/li><li><h4>Bildungscampus N\u00fcrnberg<\/h4><\/li><li><h4>Caritas Bildungsakademie Landshut<\/h4><\/li><li><h4>Akademie f\u00fcr Schultheater N\u00fcrnberg<\/h4><\/li><li><h4>Stadt N\u00fcrnberg<\/h4><\/li><li><h4>Staatstheater N\u00fcrnberg<\/h4><\/li><li><h4>Landratsamt Neumarkt i.d.OPf.<\/h4><\/li><li><h4>Theater Pf\u00fctze N\u00fcrnberg<\/h4><\/li><li><h4>Medienzentrum PARABOL e.V.<\/h4><\/li><li><h4>Kathkatha Figurentheater, Neu Delhi<\/h4><\/li><li><h4>Neerja Modi School, Neu Delhi<\/h4><\/li><li><h4>AWO F\u00fcrth Land e.V.<\/h4><\/li><li><h4>Mittelfr\u00e4nkisches Jugendfilmfestival<\/h4><\/li><li><h4>Verein Br\u00fcckenfestival N\u00fcrnberg<\/h4><\/li><\/ul>\t\t\t\t\t\t\t\t<\/div>\n\t\t\t\t<\/div>\n\t\t\t\t\t<\/div>\n\t\t<\/div>\n\t\t\t\t<div class=\"elementor-column elementor-col-50 elementor-top-column elementor-element elementor-element-ba50a56\" data-id=\"ba50a56\" data-element_type=\"column\">\n\t\t\t<div class=\"elementor-widget-wrap elementor-element-populated\">\n\t\t\t\t\t\t<div class=\"elementor-element elementor-element-dcf899a elementor-widget elementor-widget-image\" data-id=\"dcf899a\" data-element_type=\"widget\" data-widget_type=\"image.default\">\n\t\t\t\t<div class=\"elementor-widget-container\">\n\t\t\t\t\t\t\t\t\t\t\t\t\t\t\t<img fetchpriority=\"high\" decoding=\"async\" width=\"1024\" height=\"683\" src=\"https:\/\/hanneshoffmann.com\/wp-content\/uploads\/2023\/01\/Frotbildung-1-1024x683.png\" class=\"attachment-large size-large wp-image-639\" alt=\"\" srcset=\"https:\/\/hanneshoffmann.com\/wp-content\/uploads\/2023\/01\/Frotbildung-1-1024x683.png 1024w, https:\/\/hanneshoffmann.com\/wp-content\/uploads\/2023\/01\/Frotbildung-1-300x200.png 300w, https:\/\/hanneshoffmann.com\/wp-content\/uploads\/2023\/01\/Frotbildung-1-768x512.png 768w, https:\/\/hanneshoffmann.com\/wp-content\/uploads\/2023\/01\/Frotbildung-1-1536x1024.png 1536w, https:\/\/hanneshoffmann.com\/wp-content\/uploads\/2023\/01\/Frotbildung-1-2048x1365.png 2048w, https:\/\/hanneshoffmann.com\/wp-content\/uploads\/2023\/01\/Frotbildung-1-2x1.png 2w\" sizes=\"(max-width: 1024px) 100vw, 1024px\" \/>\t\t\t\t\t\t\t\t\t\t\t\t\t\t\t<\/div>\n\t\t\t\t<\/div>\n\t\t\t\t\t<\/div>\n\t\t<\/div>\n\t\t\t\t\t<\/div>\n\t\t<\/section>\n\t\t\t\t<section class=\"elementor-section elementor-top-section elementor-element elementor-element-f33f859 elementor-section-boxed elementor-section-height-default elementor-section-height-default\" data-id=\"f33f859\" data-element_type=\"section\">\n\t\t\t\t\t\t<div class=\"elementor-container elementor-column-gap-default\">\n\t\t\t\t\t<div class=\"elementor-column elementor-col-100 elementor-top-column elementor-element elementor-element-2296e5b\" data-id=\"2296e5b\" data-element_type=\"column\">\n\t\t\t<div class=\"elementor-widget-wrap elementor-element-populated\">\n\t\t\t\t\t\t<div class=\"elementor-element elementor-element-1504146 elementor-widget elementor-widget-text-editor\" data-id=\"1504146\" data-element_type=\"widget\" data-widget_type=\"text-editor.default\">\n\t\t\t\t<div class=\"elementor-widget-container\">\n\t\t\t\t\t\t\t\t\t<h3>Show &amp; Unterhaltung<\/h3>\t\t\t\t\t\t\t\t<\/div>\n\t\t\t\t<\/div>\n\t\t\t\t\t<\/div>\n\t\t<\/div>\n\t\t\t\t\t<\/div>\n\t\t<\/section>\n\t\t\t\t<section class=\"elementor-section elementor-top-section elementor-element elementor-element-228c52b elementor-section-boxed elementor-section-height-default elementor-section-height-default\" data-id=\"228c52b\" data-element_type=\"section\">\n\t\t\t\t\t\t<div class=\"elementor-container elementor-column-gap-default\">\n\t\t\t\t\t<div class=\"elementor-column elementor-col-100 elementor-top-column elementor-element elementor-element-d668137\" data-id=\"d668137\" data-element_type=\"column\">\n\t\t\t<div class=\"elementor-widget-wrap elementor-element-populated\">\n\t\t\t\t\t\t<div class=\"elementor-element elementor-element-de68842 elementor-widget-divider--view-line elementor-widget elementor-widget-divider\" data-id=\"de68842\" data-element_type=\"widget\" data-widget_type=\"divider.default\">\n\t\t\t\t<div class=\"elementor-widget-container\">\n\t\t\t\t\t\t\t<div class=\"elementor-divider\">\n\t\t\t<span class=\"elementor-divider-separator\">\n\t\t\t\t\t\t<\/span>\n\t\t<\/div>\n\t\t\t\t\t\t<\/div>\n\t\t\t\t<\/div>\n\t\t\t\t\t<\/div>\n\t\t<\/div>\n\t\t\t\t\t<\/div>\n\t\t<\/section>\n\t\t\t\t<section class=\"elementor-section elementor-top-section elementor-element elementor-element-c752256 elementor-section-boxed elementor-section-height-default elementor-section-height-default\" data-id=\"c752256\" data-element_type=\"section\">\n\t\t\t\t\t\t<div class=\"elementor-container elementor-column-gap-default\">\n\t\t\t\t\t<div class=\"elementor-column elementor-col-50 elementor-top-column elementor-element elementor-element-0acb103\" data-id=\"0acb103\" data-element_type=\"column\">\n\t\t\t<div class=\"elementor-widget-wrap elementor-element-populated\">\n\t\t\t\t\t\t<div class=\"elementor-element elementor-element-ce8ffc8 elementor-widget elementor-widget-text-editor\" data-id=\"ce8ffc8\" data-element_type=\"widget\" data-widget_type=\"text-editor.default\">\n\t\t\t\t<div class=\"elementor-widget-container\">\n\t\t\t\t\t\t\t\t\t<ul><li><h4>Stadt N\u00fcrnberg, F\u00fcrth, Wei\u00dfenburg<\/h4><\/li><li><h4>Zeppelin Baumaschinen GmbH<\/h4><\/li><li><h4>LOEW Pr\u00e4zisionsteile GmbH<\/h4><\/li><li><h4>Bayernstift GmbH<\/h4><\/li><li><h4>SIGOS GmbH<\/h4><\/li><li><h4>Ingenieurpartnerschaft Lewanzik &amp; Hoffmann, Berlin<\/h4><\/li><li><h4>Landestheater Oberpfalz<\/h4><\/li><li><h4>Theater Salz &amp; Pfeffer<\/h4><\/li><li><h4>Dehnberger Hoftheater<\/h4><\/li><li><h4>Bezirksjugendring Mittelfranken<\/h4><\/li><li><h4>Stadtjugendring Erlangen<\/h4><\/li><li><h4>Lebenshilfe N\u00fcrnberg<\/h4><\/li><li><h4>Boxdorfer GmbH Werkstatt f. Menschen m. Behinderung<\/h4><\/li><li><h4>Pegnitz Zeitung<\/h4><\/li><li><h4>Bayerisches Jugendfilmfestival<\/h4><\/li><li><h4>Mobiles Kino N\u00fcrnberg e.V.<\/h4><\/li><li><h4>CHAMPINI, Kinderhaus gGmbH, Aqua-Kita GmbH\u00a0\u00a0<\/h4><\/li><\/ul>\t\t\t\t\t\t\t\t<\/div>\n\t\t\t\t<\/div>\n\t\t\t\t\t<\/div>\n\t\t<\/div>\n\t\t\t\t<div class=\"elementor-column elementor-col-50 elementor-top-column elementor-element elementor-element-aa312da\" data-id=\"aa312da\" data-element_type=\"column\">\n\t\t\t<div class=\"elementor-widget-wrap elementor-element-populated\">\n\t\t\t\t\t\t<div class=\"elementor-element elementor-element-d2baac2 elementor-widget elementor-widget-image\" data-id=\"d2baac2\" data-element_type=\"widget\" data-widget_type=\"image.default\">\n\t\t\t\t<div class=\"elementor-widget-container\">\n\t\t\t\t\t\t\t\t\t\t\t\t\t\t\t<img decoding=\"async\" width=\"1024\" height=\"684\" src=\"https:\/\/hanneshoffmann.com\/wp-content\/uploads\/2024\/07\/Hoffmann_DSC9479_Julien-Fertl-1024x684.jpg\" class=\"attachment-large size-large wp-image-1091\" alt=\"\" srcset=\"https:\/\/hanneshoffmann.com\/wp-content\/uploads\/2024\/07\/Hoffmann_DSC9479_Julien-Fertl-1024x684.jpg 1024w, https:\/\/hanneshoffmann.com\/wp-content\/uploads\/2024\/07\/Hoffmann_DSC9479_Julien-Fertl-300x200.jpg 300w, https:\/\/hanneshoffmann.com\/wp-content\/uploads\/2024\/07\/Hoffmann_DSC9479_Julien-Fertl-768x513.jpg 768w, https:\/\/hanneshoffmann.com\/wp-content\/uploads\/2024\/07\/Hoffmann_DSC9479_Julien-Fertl-1536x1025.jpg 1536w, https:\/\/hanneshoffmann.com\/wp-content\/uploads\/2024\/07\/Hoffmann_DSC9479_Julien-Fertl-1x1.jpg 1w, https:\/\/hanneshoffmann.com\/wp-content\/uploads\/2024\/07\/Hoffmann_DSC9479_Julien-Fertl.jpg 1573w\" sizes=\"(max-width: 1024px) 100vw, 1024px\" \/>\t\t\t\t\t\t\t\t\t\t\t\t\t\t\t<\/div>\n\t\t\t\t<\/div>\n\t\t\t\t\t<\/div>\n\t\t<\/div>\n\t\t\t\t\t<\/div>\n\t\t<\/section>\n\t\t\t\t<\/div>\n\t\t","protected":false},"excerpt":{"rendered":"<p>Seminare &amp; Workshops Hans-Weinberger-Akademie der AWO e.V. Fachakademie f\u00fcr Sozialp\u00e4dagogik Rummelsberg Bildungscampus N\u00fcrnberg Caritas Bildungsakademie Landshut Akademie f\u00fcr Schultheater N\u00fcrnberg Stadt N\u00fcrnberg Staatstheater N\u00fcrnberg Landratsamt Neumarkt i.d.OPf. Theater Pf\u00fctze N\u00fcrnberg Medienzentrum PARABOL e.V. Kathkatha Figurentheater,&hellip;<\/p>\n","protected":false},"author":1,"featured_media":0,"parent":0,"menu_order":0,"comment_status":"closed","ping_status":"closed","template":"","meta":{"ngg_post_thumbnail":0,"footnotes":""},"class_list":["post-228","page","type-page","status-publish","hentry"],"_links":{"self":[{"href":"https:\/\/hanneshoffmann.com\/index.php?rest_route=\/wp\/v2\/pages\/228","targetHints":{"allow":["GET"]}}],"collection":[{"href":"https:\/\/hanneshoffmann.com\/index.php?rest_route=\/wp\/v2\/pages"}],"about":[{"href":"https:\/\/hanneshoffmann.com\/index.php?rest_route=\/wp\/v2\/types\/page"}],"author":[{"embeddable":true,"href":"https:\/\/hanneshoffmann.com\/index.php?rest_route=\/wp\/v2\/users\/1"}],"replies":[{"embeddable":true,"href":"https:\/\/hanneshoffmann.com\/index.php?rest_route=%2Fwp%2Fv2%2Fcomments&post=228"}],"version-history":[{"count":34,"href":"https:\/\/hanneshoffmann.com\/index.php?rest_route=\/wp\/v2\/pages\/228\/revisions"}],"predecessor-version":[{"id":1380,"href":"https:\/\/hanneshoffmann.com\/index.php?rest_route=\/wp\/v2\/pages\/228\/revisions\/1380"}],"wp:attachment":[{"href":"https:\/\/hanneshoffmann.com\/index.php?rest_route=%2Fwp%2Fv2%2Fmedia&parent=228"}],"curies":[{"name":"wp","href":"https:\/\/api.w.org\/{rel}","templated":true}]}}